{"id":24319,"date":"2023-04-17T07:44:16","date_gmt":"2023-04-17T06:44:16","guid":{"rendered":"https:\/\/malagarden.hu\/?page_id=24319"},"modified":"2024-03-03T17:10:49","modified_gmt":"2024-03-03T16:10:49","slug":"datenschutz","status":"publish","type":"page","link":"https:\/\/malagarden.hu\/de\/datenschutz\/","title":{"rendered":"Datenschutz"},"content":{"rendered":"<div class=\"fusion-fullwidth fullwidth-box fusion-builder-row-1 fusion-flex-container has-pattern-background has-mask-background nonhundred-percent-fullwidth non-hundred-percent-height-scrolling\" style=\"--link_hover_color: var(--awb-color8);--link_color: hsla(var(--awb-color4-h),calc(var(--awb-color4-s) + 20%),var(--awb-color4-l),var(--awb-color4-a));--awb-border-radius-top-left:0px;--awb-border-radius-top-right:0px;--awb-border-radius-bottom-right:0px;--awb-border-radius-bottom-left:0px;--awb-flex-wrap:wrap;\" ><div class=\"fusion-builder-row fusion-row fusion-flex-align-items-flex-start fusion-flex-content-wrap\" style=\"max-width:1430px;margin-left: calc(-4% \/ 2 );margin-right: calc(-4% \/ 2 );\"><div class=\"fusion-layout-column fusion_builder_column fusion-builder-column-0 fusion_builder_column_1_1 1_1 fusion-flex-column\" style=\"--awb-bg-size:cover;--awb-width-large:100%;--awb-margin-top-large:0px;--awb-spacing-right-large:1.92%;--awb-margin-bottom-large:0px;--awb-spacing-left-large:1.92%;--awb-width-medium:100%;--awb-spacing-right-medium:1.92%;--awb-spacing-left-medium:1.92%;--awb-width-small:100%;--awb-spacing-right-small:1.92%;--awb-spacing-left-small:1.92%;\"><div class=\"fusion-column-wrapper fusion-flex-justify-content-flex-start fusion-content-layout-column\"><div class=\"fusion-text fusion-text-1\"><h2 style=\"text-align: left;\"><strong>WICHTIGE INFORMATIONEN<\/strong><\/h2>\n<p style=\"text-align: left;\"><em><strong>Wenn Sie die Cookie-Einstellungen unserer Website bereits gespeichert haben, k\u00f6nnen Sie sie jederzeit \u00e4ndern, indem Sie <a class=\"cmplz-show-banner\" style=\"cursor: pointer;\"><strong>hier klicken<\/strong><\/a>.<\/strong><\/em><\/p>\n<\/div><div class=\"fusion-text fusion-text-2\"><h2 style=\"text-align: left;\"><strong>DATENSCHUTZPOLITIK<\/strong><\/h2>\n<p style=\"text-align: left;\">Unsere aktuellen Informationen zum Datenmanagement k\u00f6nnen Sie unter folgendem Link herunterladen<\/p>\n<\/div><div class=\"fusion-separator fusion-full-width-sep\" style=\"align-self: center;margin-left: auto;margin-right: auto;margin-top:20px;width:100%;\"><\/div><div style=\"text-align:left;\"><a class=\"fusion-button button-flat fusion-button-default-size button-custom fusion-button-default button-1 fusion-button-default-span fusion-button-default-type\" style=\"--button_accent_color:var(--awb-color1);--button_accent_hover_color:var(--awb-color1);--button_border_hover_color:var(--awb-color8);--button_gradient_top_color:var(--awb-color4);--button_gradient_bottom_color:var(--awb-color4);--button_gradient_top_color_hover:var(--awb-color8);--button_gradient_bottom_color_hover:var(--awb-color8);\" target=\"_self\" href=\"\/letoltesek\/malagarden_adatkezelesi_tajekoztato_20220101.pdf\"><i class=\"malagardenikonok-arrow-down awb-button__icon awb-button__icon--default button-icon-left\" aria-hidden=\"true\"><\/i><span class=\"fusion-button-text awb-button__text awb-button__text--default\">Herunterladen Privacy Policy (HUN &#8211; PDF)<\/span><\/a><\/div><div class=\"fusion-text fusion-text-3\"><h2 style=\"text-align: left;\">COOKIE-INFORMATIONEN<\/h2>\n<h3>Was Cookies bewirken<\/h3>\n<ul>\n<li>Informationen \u00fcber Besucher und ihre Ger\u00e4te zu sammeln;<\/li>\n<li>die individuellen Pr\u00e4ferenzen der Besucher zu speichern, die z.B. bei Online-Transaktionen verwendet werden, damit sie nicht erneut eingegeben werden m\u00fcssen;<\/li>\n<li>die Nutzung der Website zu erleichtern;<\/li>\n<li>eine hochwertige Nutzererfahrung zu bieten.<\/li>\n<\/ul>\n<p>In order to provide a personalised service, a small piece of data, called a cookie, is placed on the user&#8217;s computer and read back during a subsequent visit. Wenn der Browser ein zuvor gespeichertes Cookie zur\u00fcckgibt, hat der Cookie-Anbieter die M\u00f6glichkeit, den aktuellen Besuch des Nutzers mit fr\u00fcheren Besuchen zu verkn\u00fcpfen, allerdings nur in Bezug auf seine eigenen Inhalte.<\/p>\n<h3>Streng notwendige Sitzungscookies<\/h3>\n<p>Der Zweck dieser Cookies ist es, den Besuchern zu erm\u00f6glichen, die Website malagarden.hu zu durchsuchen, ihre Funktionen und Dienstleistungen ohne Probleme zu nutzen. Die G\u00fcltigkeitsdauer dieser Art von Cookies dauert bis zum Ende der Sitzung (Surfen), und wenn der Browser geschlossen wird, wird diese Art von Cookie automatisch von dem Computer oder einem anderen Ger\u00e4t zum Surfen verwendet gel\u00f6scht.<\/p>\n<h3>Cookies von Dritten (Analytik, Marketing und Statistik)<\/h3>\n<p>Die Website malagarden.hu verwendet auch Google Analytics als Drittanbieter-Cookie. Durch den Einsatz von Google Analytics zu statistischen Zwecken sammelt malagarden.hu Informationen dar\u00fcber, wie Besucher seine Website nutzen. Die Daten werden verwendet, um die Website und das Nutzererlebnis zu verbessern. Diese Cookies verbleiben ebenfalls auf dem Computer des Besuchers oder einem anderen Browsing-Ger\u00e4t, seinem Browser, bis sie ablaufen oder vom Besucher gel\u00f6scht werden.<\/p>\n<p>Wenn Sie verhindern m\u00f6chten, dass Google Analytics Besuche auf einer beliebigen Website zu Ihren Analysen hinzuf\u00fcgt, <a href=\"https:\/\/tools.google.com\/dlpage\/gaoptout\">verwenden Sie diese Erweiterung (verf\u00fcgbar f\u00fcr jeden Browser)<\/a>.<\/p>\n<h2>Liste der auf der Website verwendeten Cookies und Verfallsdatum<\/h2>\n<p>Einige der folgenden Cookies k\u00f6nnen individuell ein- oder ausgeschaltet werden.<\/p>\n<p>[cmplz-cookies]<\/p>\n<\/div><div class=\"fusion-text fusion-text-4\"><h2 style=\"text-align: left;\"><strong>HINWEIS ZUR DATENVERWALTUNG &#8211; 2022 (GDPR)<\/strong><\/h2>\n<p style=\"text-align: left;\"><strong>Name der Organisation:<\/strong>\u00a0W.W.M. \u201998 KFT<br \/>\n<strong>Hauptsitz: <\/strong>8600 Si\u00f3fok Szent Istv\u00e1n s\u00e9t\u00e1ny 1<br \/>\n<strong>Steuernummer: <\/strong>11513850-2-14<br \/>\n<strong>Name der zur Vertretung berechtigten Person(en): <\/strong>\u00a0Mih\u00f3k Tam\u00e1s<\/p>\n<p style=\"text-align: left;\">Dieses Reglement wird laufend \u00fcberarbeitet und entsprechend den \u00c4nderungen der Gesetzgebung angepasst.<\/p>\n<p style=\"text-align: left;\"><strong>In Kraft getreten:<\/strong> 01. Januar 2022.<br \/>\n<strong>Anwendbar:<\/strong> ab 1. Januar 2022<\/p>\n<\/div><\/div><\/div><\/div><\/div>\n","protected":false},"excerpt":{"rendered":"","protected":false},"author":1,"featured_media":0,"parent":0,"menu_order":0,"comment_status":"closed","ping_status":"closed","template":"100-width.php","meta":{"inline_featured_image":false,"footnotes":""},"class_list":["post-24319","page","type-page","status-publish","hentry"],"_links":{"self":[{"href":"https:\/\/malagarden.hu\/de\/wp-json\/wp\/v2\/pages\/24319","targetHints":{"allow":["GET"]}}],"collection":[{"href":"https:\/\/malagarden.hu\/de\/wp-json\/wp\/v2\/pages"}],"about":[{"href":"https:\/\/malagarden.hu\/de\/wp-json\/wp\/v2\/types\/page"}],"author":[{"embeddable":true,"href":"https:\/\/malagarden.hu\/de\/wp-json\/wp\/v2\/users\/1"}],"replies":[{"embeddable":true,"href":"https:\/\/malagarden.hu\/de\/wp-json\/wp\/v2\/comments?post=24319"}],"version-history":[{"count":0,"href":"https:\/\/malagarden.hu\/de\/wp-json\/wp\/v2\/pages\/24319\/revisions"}],"wp:attachment":[{"href":"https:\/\/malagarden.hu\/de\/wp-json\/wp\/v2\/media?parent=24319"}],"curies":[{"name":"wp","href":"https:\/\/api.w.org\/{rel}","templated":true}]}}