{"id":24352,"date":"2023-04-17T08:33:55","date_gmt":"2023-04-17T07:33:55","guid":{"rendered":"https:\/\/malagarden.hu\/?page_id=24352"},"modified":"2024-03-19T18:24:03","modified_gmt":"2024-03-19T17:24:03","slug":"information-ueber-die-unterkunft","status":"publish","type":"page","link":"https:\/\/malagarden.hu\/de\/information-ueber-die-unterkunft\/","title":{"rendered":"Information \u00fcber die Unterkunft"},"content":{"rendered":"<div class=\"fusion-fullwidth fullwidth-box fusion-builder-row-1 fusion-flex-container nonhundred-percent-fullwidth non-hundred-percent-height-scrolling\" style=\"--awb-border-radius-top-left:0px;--awb-border-radius-top-right:0px;--awb-border-radius-bottom-right:0px;--awb-border-radius-bottom-left:0px;--awb-flex-wrap:wrap;\" ><div class=\"fusion-builder-row fusion-row fusion-flex-align-items-flex-start fusion-flex-content-wrap\" style=\"max-width:1430px;margin-left: calc(-4% \/ 2 );margin-right: calc(-4% \/ 2 );\"><div class=\"fusion-layout-column fusion_builder_column fusion-builder-column-0 fusion_builder_column_1_1 1_1 fusion-flex-column\" style=\"--awb-bg-size:cover;--awb-width-large:100%;--awb-margin-top-large:0px;--awb-spacing-right-large:1.92%;--awb-margin-bottom-large:0px;--awb-spacing-left-large:1.92%;--awb-width-medium:100%;--awb-spacing-right-medium:1.92%;--awb-spacing-left-medium:1.92%;--awb-width-small:100%;--awb-spacing-right-small:1.92%;--awb-spacing-left-small:1.92%;\"><div class=\"fusion-column-wrapper fusion-flex-justify-content-flex-start fusion-content-layout-column\"><div class=\"fusion-text fusion-text-1\"><h2>Information \u00fcber die Unterkunft im Mala Garden<\/h2>\n<p><strong>Zimmerpreise<\/strong><\/p>\n<ul>\n<li>Unsere Zimmerpreise verstehen sich in Forint (die Preise in Euro dienen wegen der t\u00e4glichen Kursschwankungen nur zu Informationszwecken) und inkl. MwSt.<\/li>\n<li>Unsere Zimmerpreise verstehen sich inklusive Fr\u00fchst\u00fcck.<\/li>\n<li>Die Gestaltung unserer Zimmerpreise entspricht den gesetzlichen Vorschriften und wird im Hinblick auf die relevanten gesetzlichen \u00c4nderungen aktualisiert.<\/li>\n<li>Mit Ausnahme der bereits best\u00e4tigten Buchung behalten wir das Recht der Preis\u00e4nderung vor.<\/li>\n<li>Die Preise verstehen sich ohne Kurtaxe von 550 HUF\/Person\/\u00dcbernachtung<br \/><em>(zu zahlen ab 18 Jahre)<\/em><\/li>\n<\/ul>\n<p><strong>Ankunft<\/strong><\/p>\n<ul>\n<li>Die Zimmer stehen Ihnen ab 15:00 Uhr am Tag der Ankunft zur Verf\u00fcgung.<\/li>\n<li>Wir bitten Sie die fr\u00fchere Ankunft uns im Voraus mitzuteilen und sie ist erst nach Best\u00e4tigung m\u00f6glich.<\/li>\n<li>Wir bitten Sie uns mitzuteilen, wenn Ihre Ankunft voraussichtlich erst nach 18 Uhr erfolgt.<\/li>\n<\/ul>\n<p><strong>Abreise<\/strong><\/p>\n<ul>\n<li>Wir bitte Sie das Zimmer bis 11:00 Uhr am Abreisetag zu verlassen.<\/li>\n<li>Die Abreise zu einem sp\u00e4teren Termin ist nach vorheriger Absprache m\u00f6glich (je nach Buchungslage).<\/li>\n<\/ul>\n<p><strong>Parken<\/strong><\/p>\n<ul>\n<li>In der Hauptsaison in der \u00fcberdachten Garage des Hotels: \u00fcberdachter Innenstellplatz: 3.500 HUF\/Tag , offener Garagenstellplatz: 3 000 HUF \/ Tag, au\u00dferhalb der Hauptsaison: \u00fcberdachter Innenstellplatz: 2.500 HUF\/Tag , offener Garagenstellplatz: 2 000 HUF \/ Tag.<\/li>\n<li>Auf dem Freiluftparkplatz neben dem Hotel (in der Hauptsaison: 15. Mai \u2013 15. September) 2 500 HUF \/ Tag (nach vorheriger Abstimmung), au\u00dferhalb der Hauptsaison: unentgeltlich.<\/li>\n<\/ul>\n<p><strong>Ladem\u00f6glichkeiten f\u00fcr Elektroautos<\/strong><\/p>\n<ul>\n<li>Hauptsaison: Tiefgarage 3.500 HUF\/Tag + 102 Ft \/ kWh<\/li>\n<li>Nebensaison: Tiefgarage 2.500 HUF\/Tag + 102 Ft \/ kWh<\/li>\n<li>Wir haben 1 Ladeger\u00e4t f\u00fcr Elektroautos, eine Voranmeldung ist unbedingt erforderlich.<\/li>\n<li>Das Ladeger\u00e4t hat einen Typ2 Stecker. Wir k\u00f6nnen kein Ladekabel bereitstellen.<\/li>\n<li>F\u00fcr gelegentliches Aufladen wenden Sie sich bitte an unsere Rezeption.<\/li>\n<li>Gr\u00f6\u00dfe des Parkplatzes:6,5 m lang x 2,4 m breit x 1,78 m hocc<\/li>\n<li>Es gibt eine zus\u00e4tzliche Autoladestation 60 Meter von unserem Hotel entfernt (E-Mobi &#8211; Pet\u0151fi s\u00e9t\u00e1ny)<\/li>\n<\/ul>\n<p><strong>Tiere<\/strong><\/p>\n<ul>\n<li>In Anbetracht der Gegebenheiten unseres Hotels k\u00f6nnen wir Kleintiere bis 10 kg und bis 45 cm empfangen. Der Aufpreis f\u00fcr Kleintiere betr\u00e4gt 12 000 HUF \/ \u00dcbernachtung \/ Kleintier.<\/li>\n<li>Sollten sie mit tieren zu uns kommen, bitten wir Sie, dies unserer Rezeption unbedingt mitzuteilen!<\/li>\n<\/ul>\n<p><strong>Buchung<\/strong><\/p>\n<ul>\n<li>Wir k\u00f6nnen Buchungen ausschlie\u00dflich in Schriftform entgegennehmen, per Telefon k\u00f6nnen wir ausschlie\u00dflich Auskunft erteilen.<\/li>\n<li>Nach Erhalt einer Buchung schickt das Hotel immer eine Best\u00e4tigung Ihnen zu, und danach bitten wir um eine best\u00e4tigende schriftliche Antwort von Ihnen.<\/li>\n<\/ul>\n<p><strong>Stornierungsbedingungen<\/strong><\/p>\n<ul>\n<li>Ihre Buchung k\u00f6nnen Sie 14 Tage vor dem Ankunftsdatum kostenfrei stornieren, danach betr\u00e4gt der zu bezahlende Beitrag 3 \u00dcbernachtungen oder bei einem Aufenthalt von weniger als 3 \u00dcbernachtungen 100 % des best\u00e4tigten Unterkunftspreises.<\/li>\n<li>Ihre Buchung k\u00f6nnen Sie in der Hauptsaison (10.06\u201327.08) 21 Tage vor dem Ankunftsdatum kostenfrei stornieren, danach betr\u00e4gt der zu bezahlende Beitrag 3 \u00dcbernachtungen oder bei einem Aufenthalt von weniger als 3 \u00dcbernachtungen 100 % des best\u00e4tigten Unterkunftspreises.<\/li>\n<li>Wir k\u00f6nnen keine telefonischen Absagen akzeptieren. Bitte teilen Sie uns ihre Stornoabsicht in schriftlicher Form mit (E-Mail, Brief).<\/li>\n<li>Im Falle einer Abreise vor dem in der Best\u00e4tigung stehenden Abreisedatum sind 100 % des Unterkunftspreises laut Buchung zu entrichten.<\/li>\n<li>Wir empfehlen Ihnen, eine Reiser\u00fccktrittsversicherung abzuschlie\u00dfen.<\/li>\n<\/ul>\n<p><strong>Zahlungsm\u00f6glichkeiten<\/strong><\/p>\n<ul>\n<li>Bargeld<\/li>\n<li>Kreditkarte (AMEX, MasterCard, VISA, Maestro)<\/li>\n<li>Sz\u00e9chenyi-Erholungskarte (SZ\u00c9P-Karte) (OTP, MKB, K&amp;H)<\/li>\n<\/ul>\n<\/div><\/div><\/div><\/div><\/div>\n","protected":false},"excerpt":{"rendered":"","protected":false},"author":1,"featured_media":0,"parent":0,"menu_order":0,"comment_status":"closed","ping_status":"closed","template":"100-width.php","meta":{"inline_featured_image":false,"footnotes":""},"class_list":["post-24352","page","type-page","status-publish","hentry"],"_links":{"self":[{"href":"https:\/\/malagarden.hu\/de\/wp-json\/wp\/v2\/pages\/24352","targetHints":{"allow":["GET"]}}],"collection":[{"href":"https:\/\/malagarden.hu\/de\/wp-json\/wp\/v2\/pages"}],"about":[{"href":"https:\/\/malagarden.hu\/de\/wp-json\/wp\/v2\/types\/page"}],"author":[{"embeddable":true,"href":"https:\/\/malagarden.hu\/de\/wp-json\/wp\/v2\/users\/1"}],"replies":[{"embeddable":true,"href":"https:\/\/malagarden.hu\/de\/wp-json\/wp\/v2\/comments?post=24352"}],"version-history":[{"count":0,"href":"https:\/\/malagarden.hu\/de\/wp-json\/wp\/v2\/pages\/24352\/revisions"}],"wp:attachment":[{"href":"https:\/\/malagarden.hu\/de\/wp-json\/wp\/v2\/media?parent=24352"}],"curies":[{"name":"wp","href":"https:\/\/api.w.org\/{rel}","templated":true}]}}