{"id":24314,"date":"2023-04-17T07:39:28","date_gmt":"2023-04-17T06:39:28","guid":{"rendered":"https:\/\/malagarden.hu\/?page_id=24314"},"modified":"2024-03-03T17:00:59","modified_gmt":"2024-03-03T16:00:59","slug":"privacy-policy","status":"publish","type":"page","link":"https:\/\/malagarden.hu\/en\/privacy-policy\/","title":{"rendered":"Privacy Policy"},"content":{"rendered":"<div class=\"fusion-fullwidth fullwidth-box fusion-builder-row-1 fusion-flex-container has-pattern-background has-mask-background nonhundred-percent-fullwidth non-hundred-percent-height-scrolling\" style=\"--link_hover_color: var(--awb-color8);--link_color: hsla(var(--awb-color4-h),calc(var(--awb-color4-s) + 20%),var(--awb-color4-l),var(--awb-color4-a));--awb-border-radius-top-left:0px;--awb-border-radius-top-right:0px;--awb-border-radius-bottom-right:0px;--awb-border-radius-bottom-left:0px;--awb-flex-wrap:wrap;\" ><div class=\"fusion-builder-row fusion-row fusion-flex-align-items-flex-start fusion-flex-content-wrap\" style=\"max-width:1430px;margin-left: calc(-4% \/ 2 );margin-right: calc(-4% \/ 2 );\"><div class=\"fusion-layout-column fusion_builder_column fusion-builder-column-0 fusion_builder_column_1_1 1_1 fusion-flex-column\" style=\"--awb-bg-size:cover;--awb-width-large:100%;--awb-margin-top-large:0px;--awb-spacing-right-large:1.92%;--awb-margin-bottom-large:0px;--awb-spacing-left-large:1.92%;--awb-width-medium:100%;--awb-spacing-right-medium:1.92%;--awb-spacing-left-medium:1.92%;--awb-width-small:100%;--awb-spacing-right-small:1.92%;--awb-spacing-left-small:1.92%;\"><div class=\"fusion-column-wrapper fusion-flex-justify-content-flex-start fusion-content-layout-column\"><div class=\"fusion-text fusion-text-1\"><h2 style=\"text-align: left;\"><strong>IMPORTANT INFORMATION<\/strong><\/h2>\n<p style=\"text-align: left;\"><em><strong>If you have already saved the cookie settings for our website, you can change them at any time <a class=\"cmplz-show-banner\" style=\"cursor: pointer;\"><strong>by clicking here.<\/strong><\/a><\/strong><\/em><\/p>\n<\/div><div class=\"fusion-text fusion-text-2\"><h2 style=\"text-align: left;\"><strong>PRIVACY POLICY<\/strong><\/h2>\n<p style=\"text-align: left;\">You can download our latest information on data management from the following link<\/p>\n<\/div><div class=\"fusion-separator fusion-full-width-sep\" style=\"align-self: center;margin-left: auto;margin-right: auto;margin-top:20px;width:100%;\"><\/div><div style=\"text-align:left;\"><a class=\"fusion-button button-flat fusion-button-default-size button-custom fusion-button-default button-1 fusion-button-default-span fusion-button-default-type\" style=\"--button_accent_color:var(--awb-color1);--button_accent_hover_color:var(--awb-color1);--button_border_hover_color:var(--awb-color8);--button_gradient_top_color:var(--awb-color4);--button_gradient_bottom_color:var(--awb-color4);--button_gradient_top_color_hover:var(--awb-color8);--button_gradient_bottom_color_hover:var(--awb-color8);\" target=\"_self\" href=\"\/letoltesek\/malagarden_adatkezelesi_tajekoztato_20220101.pdf\"><i class=\"malagardenikonok-arrow-down awb-button__icon awb-button__icon--default button-icon-left\" aria-hidden=\"true\"><\/i><span class=\"fusion-button-text awb-button__text awb-button__text--default\">Download Privacy Policy (HUN &#8211; PDF)<\/span><\/a><\/div><div class=\"fusion-text fusion-text-3\"><h2 style=\"text-align: left;\">COOKIE INFORMATION<\/h2>\n<h3>What cookies do<\/h3>\n<ul>\n<li>collect information about visitors and their devices;<\/li>\n<li>remember visitors&#8217; individual preferences, which are used, for example, when they make online transactions, so they do not have to be re-entered;<\/li>\n<li>facilitate the use of the website;<\/li>\n<li>provide a quality user experience.<\/li>\n<\/ul>\n<p>In order to provide a personalised service, a small piece of data, called a cookie, is placed on the user&#8217;s computer and read back during a subsequent visit. If the browser returns a previously saved cookie, the cookie provider has the possibility to link the user&#8217;s current visit to previous visits, but only in relation to its own content.<\/p>\n<h3>Strictly necessary, session cookies<\/h3>\n<p>The purpose of these cookies is to allow visitors to browse the <strong>malagarden.hu<\/strong> website, use its functions and services without any problems. The validity period of this type of cookie lasts until the end of the session (browsing), and when the browser is closed, this type of cookie is automatically deleted from the computer or other device used for browsing.<\/p>\n<h3>Third party cookies (analytics, marketing and statistics)<\/h3>\n<p>The <strong>malagarden.hu<\/strong> website also uses Google Analytics as a third party cookie. By using Google Analytics for statistical purposes, <strong>malagarden.hu<\/strong> collects information about how visitors use its website. The data is used to improve the website and the user experience. These cookies will also remain on the visitor&#8217;s computer or other browsing device, their browser, until they expire or until they are deleted by the visitor.<\/p>\n<p>If you want to prevent Google Analytics from adding visits to any website to your analytics, <a href=\"https:\/\/tools.google.com\/dlpage\/gaoptout\">use this extension<\/a> (available for any browser).<\/p>\n<h2>List of cookies used on the site and expiry date<\/h2>\n<p>Some of the following cookies can be individually turned on or off.<\/p>\n<p>[cmplz-cookies]<\/p>\n<\/div><div class=\"fusion-text fusion-text-4\"><h2 style=\"text-align: left;\">NOTE ON DATA MANAGEMENT &#8211; 2022 (GDPR)<\/h2>\n<p style=\"text-align: left;\"><strong>Organization name:<\/strong> W.W.M. \u201998 KFT<br \/><strong>Headquarters:<\/strong> 8600 Si\u00f3fok Szent Istv\u00e1n s\u00e9t\u00e1ny 1<br \/><strong>Tax number:<\/strong> 11513850-2-14<br \/><strong>Name of person(s) entitled to representation:<\/strong> Mih\u00f3k Tam\u00e1s<\/p>\n<p style=\"text-align: left;\">These regulations are constantly reviewed and maintained depending on changes in legislation.<\/p>\n<p style=\"text-align: left;\"><strong>Entered into force:<\/strong> January 01, 2022.<br \/><strong>Applicable:<\/strong> from January 1, 2022<\/p>\n<\/div><\/div><\/div><\/div><\/div>\n","protected":false},"excerpt":{"rendered":"","protected":false},"author":1,"featured_media":0,"parent":0,"menu_order":0,"comment_status":"closed","ping_status":"closed","template":"100-width.php","meta":{"inline_featured_image":false,"footnotes":""},"class_list":["post-24314","page","type-page","status-publish","hentry"],"_links":{"self":[{"href":"https:\/\/malagarden.hu\/en\/wp-json\/wp\/v2\/pages\/24314","targetHints":{"allow":["GET"]}}],"collection":[{"href":"https:\/\/malagarden.hu\/en\/wp-json\/wp\/v2\/pages"}],"about":[{"href":"https:\/\/malagarden.hu\/en\/wp-json\/wp\/v2\/types\/page"}],"author":[{"embeddable":true,"href":"https:\/\/malagarden.hu\/en\/wp-json\/wp\/v2\/users\/1"}],"replies":[{"embeddable":true,"href":"https:\/\/malagarden.hu\/en\/wp-json\/wp\/v2\/comments?post=24314"}],"version-history":[{"count":0,"href":"https:\/\/malagarden.hu\/en\/wp-json\/wp\/v2\/pages\/24314\/revisions"}],"wp:attachment":[{"href":"https:\/\/malagarden.hu\/en\/wp-json\/wp\/v2\/media?parent=24314"}],"curies":[{"name":"wp","href":"https:\/\/api.w.org\/{rel}","templated":true}]}}